{"id":1200,"date":"2023-10-03T23:52:44","date_gmt":"2023-10-03T20:52:44","guid":{"rendered":"https:\/\/adadentalclinic.com\/seyda-ceviz-en\/"},"modified":"2023-10-04T23:19:48","modified_gmt":"2023-10-04T20:19:48","slug":"seyda-ceviz-en","status":"publish","type":"page","link":"https:\/\/adadentalclinic.com\/en\/seyda-ceviz-en\/","title":{"rendered":"\u015eeyda Ceviz"},"content":{"rendered":"<section class=\"wpb-content-wrapper\">[vc_row][vc_column width=&#8221;1\/4&#8243;][vc_single_image image=&#8221;93&#8243; img_size=&#8221;medium&#8221; alignment=&#8221;center&#8221;][\/vc_column][vc_column width=&#8221;3\/4&#8243;][vc_column_text]\n<h3>Education<\/h3>\n[\/vc_column_text]<div class='xtd-timeline '><div class='xtd-timeline__item' data-title=''>[vc_column_text]<strong>Bachelors Degree<\/strong><br \/>\nMarmara University, Faculty of Dentistry (2018)[\/vc_column_text][vc_empty_space]<\/div><div class='xtd-timeline__item' data-title=''>[vc_column_text]<strong>High School<\/strong><br \/>\nMehmet Niyazi Altu\u011f Anadolu High School[\/vc_column_text][vc_empty_space]<\/div><\/div>[\/vc_column][\/vc_row][vc_row][vc_column][vc_column_text]\n<h5>Activity And Certificates<\/h5>\n<p>Anterior B\u00f6lge Kompozit Lamine K\u0131r\u0131k Diestema Kapama E\u011fitimi &#8211; Dentsem<br \/>\nPeriodontal Tedavi Prensipleri ve Cerrahi Periodontal Tedavi E\u011fitimi &#8211; \u0130do<br \/>\n\u0130kna Teknikleri E\u011fitimi &#8211; \u0130stanbul \u0130\u015fletme Enstit\u00fcs\u00fc<\/p>\n<h6>\u0130do Seminerleri:<\/h6>\n<p>S\u00fct Di\u015flerinde Endodonti<br \/>\nS\u00fct Di\u015flerinde Minimal \u0130nvaziv Tedaviler<br \/>\nDi\u015f A\u015f\u0131nmalar\u0131 Adezyon ve Estetik<br \/>\nOkl\u00fczyon Paneli<br \/>\nMinimal \u0130nvaziv Y\u00f6ntemlerle Diestema Vakalar\u0131n\u0131n Tedavisi<br \/>\nDi\u015f Hekimli\u011finde \u0130la\u00e7 Kullanm\u0131ndaki G\u00fcncellemeler[\/vc_column_text][\/vc_column][\/vc_row]\n<\/section>","protected":false},"excerpt":{"rendered":"<p>[vc_row][vc_column width=&#8221;1\/4&#8243;][vc_single_image image=&#8221;93&#8243; img_size=&#8221;medium&#8221; alignment=&#8221;center&#8221;][\/vc_column][vc_column width=&#8221;3\/4&#8243;][vc_column_text] Education [\/vc_column_text][\/vc_column][\/vc_row][vc_row][vc_column][vc_column_text] Activity And Certificates Anterior B\u00f6lge Kompozit Lamine K\u0131r\u0131k Diestema Kapama E\u011fitimi &#8211; Dentsem Periodontal Tedavi Prensipleri ve Cerrahi Periodontal Tedavi E\u011fitimi &#8211; \u0130do \u0130kna Teknikleri E\u011fitimi &#8211; \u0130stanbul \u0130\u015fletme Enstit\u00fcs\u00fc \u0130do Seminerleri: S\u00fct Di\u015flerinde Endodonti S\u00fct Di\u015flerinde Minimal \u0130nvaziv Tedaviler Di\u015f A\u015f\u0131nmalar\u0131 Adezyon ve Estetik Okl\u00fczyon Paneli Minimal \u0130nvaziv Y\u00f6ntemlerle Diestema Vakalar\u0131n\u0131n [&hellip;]<\/p>\n","protected":false},"author":2,"featured_media":0,"parent":0,"menu_order":0,"comment_status":"closed","ping_status":"closed","template":"","meta":{"inline_featured_image":false,"footnotes":""},"class_list":["post-1200","page","type-page","status-publish","hentry"],"_links":{"self":[{"href":"https:\/\/adadentalclinic.com\/en\/wp-json\/wp\/v2\/pages\/1200","targetHints":{"allow":["GET"]}}],"collection":[{"href":"https:\/\/adadentalclinic.com\/en\/wp-json\/wp\/v2\/pages"}],"about":[{"href":"https:\/\/adadentalclinic.com\/en\/wp-json\/wp\/v2\/types\/page"}],"author":[{"embeddable":true,"href":"https:\/\/adadentalclinic.com\/en\/wp-json\/wp\/v2\/users\/2"}],"replies":[{"embeddable":true,"href":"https:\/\/adadentalclinic.com\/en\/wp-json\/wp\/v2\/comments?post=1200"}],"version-history":[{"count":2,"href":"https:\/\/adadentalclinic.com\/en\/wp-json\/wp\/v2\/pages\/1200\/revisions"}],"predecessor-version":[{"id":1202,"href":"https:\/\/adadentalclinic.com\/en\/wp-json\/wp\/v2\/pages\/1200\/revisions\/1202"}],"wp:attachment":[{"href":"https:\/\/adadentalclinic.com\/en\/wp-json\/wp\/v2\/media?parent=1200"}],"curies":[{"name":"wp","href":"https:\/\/api.w.org\/{rel}","templated":true}]}}