{"id":1197,"date":"2023-10-03T23:15:46","date_gmt":"2023-10-03T20:15:46","guid":{"rendered":"https:\/\/adadentalclinic.com\/elif-ceren-yavuz-en\/"},"modified":"2023-10-04T23:19:24","modified_gmt":"2023-10-04T20:19:24","slug":"elif-ceren-yavuz-en","status":"publish","type":"page","link":"https:\/\/adadentalclinic.com\/en\/elif-ceren-yavuz-en\/","title":{"rendered":"Elif Ceren Yavuz"},"content":{"rendered":"<section class=\"wpb-content-wrapper\">[vc_row][vc_column width=&#8221;1\/4&#8243;][vc_single_image image=&#8221;92&#8243; img_size=&#8221;medium&#8221; alignment=&#8221;center&#8221;][\/vc_column][vc_column width=&#8221;3\/4&#8243;][vc_column_text]\n<h3>Education<\/h3>\n[\/vc_column_text]<div class='xtd-timeline '><div class='xtd-timeline__item' data-title=''>[vc_column_text]<strong>Phd<\/strong><br \/>\nIstanbul University, Restorative Dental Treatment (2022-continues)[\/vc_column_text][vc_empty_space]<\/div><div class='xtd-timeline__item' data-title=''>[vc_column_text]<strong>Bachelors Degree<\/strong><br \/>\nAlt\u0131nba\u015f \u00dcniversitesi, Faculty of Dentistry (2016-2022)[\/vc_column_text][vc_empty_space]<\/div><div class='xtd-timeline__item' data-title=''>[vc_column_text]<strong>High School<\/strong><br \/>\n\u00d6zel Etken Fen Bilimleri Temel High School (2015-2016)<br \/>\nKocaeli Anadolu High School (2013-2015)<br \/>\nMuammer Dereli Fen High School (2012-2013)[\/vc_column_text][vc_empty_space]<\/div><\/div>[\/vc_column][\/vc_row][vc_row][vc_column][vc_column_text]\n<h5>Scientific Activities<\/h5>\n<ul>\n<li>The effect of beverages that mostly used in covid-19 pandemic on<br \/>\nuniversal composite staining. Oral presentation, 45th EPA Congress,<br \/>\n2022, Siena, \u0130taly<\/li>\n<li>Kompozit rezinlerin renklendirici sol\u00fcsyonlarda bekletilmesi sonras\u0131<br \/>\ntranslusensi deg i\u015fiminin incelenmesi. Poster, RDD K\u0131\u015f Sempozyumu ve<br \/>\n22. Anabilim Dallar\u0131 Toplant\u0131s\u0131, 2022, Adana, Tu rkiye<\/li>\n<li>Effect Of Silver Diamine Fluoride on Microshear Bond Strength Of<br \/>\nAdhesive Cements To Dentin. Oral presentation, 7th \u0130AD Congress, 2023,<br \/>\nKonya, Turkiye<\/li>\n<\/ul>\n[\/vc_column_text][\/vc_column][\/vc_row][vc_row][vc_column][vc_column_text]\n<h5>Activity And Certificates<\/h5>\n<p>Alt\u0131nba\u015f \u00dcniversitesi Di\u015f Hekimli\u011fi \u00d6\u011frencileri Birli\u011fi (A\u00dcDSA), kurucu<br \/>\n\u00fcyeli\u011fi ve 1. d\u00f6nem ba\u015fkan yard\u0131mc\u0131l\u0131\u011f\u0131. (Alt\u0131nba\u015f \u00dcniversitesi, 2017)<br \/>\n\u00b7 Benim K\u00f6y\u00fcm Projesi di\u015f hekimli\u011fi birim ba\u015fkanl\u0131\u011f\u0131. (Alt\u0131nba\u015f<br \/>\n\u00dcniversitesi, 2017)<br \/>\n\u00b7 Meme Kanseri Fark\u0131ndal\u0131k etkinli\u011fi organizasyon komitesi \u00fcyeli\u011fi.<br \/>\n(Alt\u0131nba\u015f \u00dcniversitesi, 2017)<br \/>\n\u00b7 Prostat \u0130hmale Gelmez etkinli\u011fi organizasyon komitesi \u00fcyeli\u011fi. (Alt\u0131nba\u015f<br \/>\n\u00dcniversitesi, 2017)<br \/>\n\u00b7 H\u0130V Fark\u0131ndal\u0131k etkinli\u011fi organizasyon komitesi \u00fcyeli\u011fi. (Alt\u0131nba\u015f<br \/>\n\u00dcniversitesi, 2017)<br \/>\n\u00b7 Amerika ve Avrupa\u2019da Di\u015f Hekimli\u011fi. (Prof. Dr. Bu\u011fra \u00d6zen, 2017)<br \/>\n\u00b7 Dental Foto\u011fraf\u00e7\u0131l\u0131k e\u011fitimi. (Prof. Dr. Emir Y\u00fczba\u015f\u0131o\u011flu, 2018)<br \/>\n\u00b7 Rare Diseases Symposium, organizasyon komitesi ba\u015fkan yard\u0131mc\u0131l\u0131\u011f\u0131.<br \/>\n(Alt\u0131nba\u015f \u00dcniversitesi, 2018)<br \/>\n\u00b7 25th TDA International Dental Congress. (2019)<br \/>\n\u00b7 EVP \u0130stanbul, organizasyon komitesi \u00fcyeli\u011fi ve restoratif workshop<br \/>\nkoordinat\u00f6rl\u00fc\u011fu . (Alt\u0131nba\u015f \u00dcniversitesi, 2020)<br \/>\n\u00b7 Parsiyel Restorasyonlar; Preparasyon, \u00d6l\u00e7\u00fc , Simantasyon. (Dt, Eren \u015een,<br \/>\n2022)<br \/>\n\u00b7 Diastema Vakalar\u0131nda Adeziv Restorasyonlar \u2013 Planma ve Uygulama<br \/>\nTeknikleri. (Prof. Dr. Hande \u015ear Sancakl\u0131, 2023)<br \/>\n\u00b7 Current Concepts in Adhesion, Cementation and Dental Impression: An<br \/>\nUpdate Seminar and Workshop. (Prof. Dr. Zafer \u00c7ehreli, Prof. Dr. Erhan<br \/>\n\u00c7\u00f6mleko\u011flu, 2023)[\/vc_column_text][\/vc_column][\/vc_row]\n<\/section>","protected":false},"excerpt":{"rendered":"<p>[vc_row][vc_column width=&#8221;1\/4&#8243;][vc_single_image image=&#8221;92&#8243; img_size=&#8221;medium&#8221; alignment=&#8221;center&#8221;][\/vc_column][vc_column width=&#8221;3\/4&#8243;][vc_column_text] Education [\/vc_column_text][\/vc_column][\/vc_row][vc_row][vc_column][vc_column_text] Scientific Activities The effect of beverages that mostly used in covid-19 pandemic on universal composite staining. Oral presentation, 45th EPA Congress, 2022, Siena, \u0130taly Kompozit rezinlerin renklendirici sol\u00fcsyonlarda bekletilmesi sonras\u0131 translusensi deg i\u015fiminin incelenmesi. Poster, RDD K\u0131\u015f Sempozyumu ve 22. Anabilim Dallar\u0131 Toplant\u0131s\u0131, 2022, Adana, Tu rkiye Effect Of Silver Diamine Fluoride [&hellip;]<\/p>\n","protected":false},"author":2,"featured_media":0,"parent":0,"menu_order":0,"comment_status":"closed","ping_status":"closed","template":"","meta":{"inline_featured_image":false,"footnotes":""},"class_list":["post-1197","page","type-page","status-publish","hentry"],"_links":{"self":[{"href":"https:\/\/adadentalclinic.com\/en\/wp-json\/wp\/v2\/pages\/1197","targetHints":{"allow":["GET"]}}],"collection":[{"href":"https:\/\/adadentalclinic.com\/en\/wp-json\/wp\/v2\/pages"}],"about":[{"href":"https:\/\/adadentalclinic.com\/en\/wp-json\/wp\/v2\/types\/page"}],"author":[{"embeddable":true,"href":"https:\/\/adadentalclinic.com\/en\/wp-json\/wp\/v2\/users\/2"}],"replies":[{"embeddable":true,"href":"https:\/\/adadentalclinic.com\/en\/wp-json\/wp\/v2\/comments?post=1197"}],"version-history":[{"count":2,"href":"https:\/\/adadentalclinic.com\/en\/wp-json\/wp\/v2\/pages\/1197\/revisions"}],"predecessor-version":[{"id":1199,"href":"https:\/\/adadentalclinic.com\/en\/wp-json\/wp\/v2\/pages\/1197\/revisions\/1199"}],"wp:attachment":[{"href":"https:\/\/adadentalclinic.com\/en\/wp-json\/wp\/v2\/media?parent=1197"}],"curies":[{"name":"wp","href":"https:\/\/api.w.org\/{rel}","templated":true}]}}